{"id":641,"date":"2022-04-29T11:35:06","date_gmt":"2022-04-29T09:35:06","guid":{"rendered":"https:\/\/qoclico.com\/mon-compte\/"},"modified":"2024-02-19T16:16:32","modified_gmt":"2024-02-19T15:16:32","slug":"le-qlub","status":"publish","type":"page","link":"https:\/\/qoclico.com\/en\/le-qlub\/","title":{"rendered":"Le QLUB"},"content":{"rendered":"\t\t<div data-elementor-type=\"wp-page\" data-elementor-id=\"641\" class=\"elementor elementor-641 elementor-442\" data-elementor-post-type=\"page\">\n\t\t\t\t\t\t<section class=\"elementor-section elementor-top-section elementor-element elementor-element-a2da759 elementor-section-boxed elementor-section-height-default elementor-section-height-default\" data-id=\"a2da759\" data-element_type=\"section\" data-e-type=\"section\" data-settings=\"{&quot;background_background&quot;:&quot;classic&quot;}\">\n\t\t\t\t\t\t\t<div class=\"elementor-background-overlay\"><\/div>\n\t\t\t\t\t\t\t<div class=\"elementor-container elementor-column-gap-default\">\n\t\t\t\t\t<div class=\"elementor-column elementor-col-100 elementor-top-column elementor-element elementor-element-45cee118\" data-id=\"45cee118\" data-element_type=\"column\" data-e-type=\"column\">\n\t\t\t<div class=\"elementor-widget-wrap elementor-element-populated\">\n\t\t\t\t\t\t<div class=\"elementor-element elementor-element-44439d3f elementor-widget elementor-widget-heading\" data-id=\"44439d3f\" data-element_type=\"widget\" data-e-type=\"widget\" data-widget_type=\"heading.default\">\n\t\t\t\t<div class=\"elementor-widget-container\">\n\t\t\t\t\t<h1 class=\"elementor-heading-title elementor-size-default\">Le Qlub<\/h1>\t\t\t\t<\/div>\n\t\t\t\t<\/div>\n\t\t\t\t\t<\/div>\n\t\t<\/div>\n\t\t\t\t\t<\/div>\n\t\t<\/section>\n\t\t\t\t<section class=\"elementor-section elementor-top-section elementor-element elementor-element-f3a6cce elementor-section-boxed elementor-section-height-default elementor-section-height-default\" data-id=\"f3a6cce\" data-element_type=\"section\" data-e-type=\"section\">\n\t\t\t\t\t\t<div class=\"elementor-container elementor-column-gap-default\">\n\t\t\t\t\t<div class=\"elementor-column elementor-col-100 elementor-top-column elementor-element elementor-element-ec54798\" data-id=\"ec54798\" data-element_type=\"column\" data-e-type=\"column\">\n\t\t\t<div class=\"elementor-widget-wrap elementor-element-populated\">\n\t\t\t\t\t\t<div class=\"elementor-element elementor-element-8a4384a elementor-widget elementor-widget-text-editor\" data-id=\"8a4384a\" data-element_type=\"widget\" data-e-type=\"widget\" data-widget_type=\"text-editor.default\">\n\t\t\t\t<div class=\"elementor-widget-container\">\n\t\t\t\t\t\t\t\t\t<h4>\u00a0<\/h4><h4>Bienvenue au Qlub !<\/h4><h5>R\u00e9serv\u00e9 aux professionnel\u00b7le\u00b7s du fran\u00e7ais (FLE, FLS, FLM&#8230;), motiv\u00e9\u00b7e\u00b7s par le changement, <br \/>par la diffusion d&#8217;un fran\u00e7ais moderne, inclusif et fonctionnel !<\/h5>\t\t\t\t\t\t\t\t<\/div>\n\t\t\t\t<\/div>\n\t\t\t\t<div class=\"elementor-element elementor-element-5059333 elementor-align-center elementor-widget elementor-widget-button\" data-id=\"5059333\" data-element_type=\"widget\" data-e-type=\"widget\" data-widget_type=\"button.default\">\n\t\t\t\t<div class=\"elementor-widget-container\">\n\t\t\t\t\t\t\t\t\t<div class=\"elementor-button-wrapper\">\n\t\t\t\t\t<a class=\"elementor-button elementor-button-link elementor-size-sm\" href=\"#elementor-action%3Aaction%3Dpopup%3Aopen%26settings%3DeyJpZCI6MjE3MSwidG9nZ2xlIjpmYWxzZX0%3D\" target=\"_blank\">\n\t\t\t\t\t\t<span class=\"elementor-button-content-wrapper\">\n\t\t\t\t\t\t\t\t\t<span class=\"elementor-button-text\">Rejoindre le Qlub<\/span>\n\t\t\t\t\t<\/span>\n\t\t\t\t\t<\/a>\n\t\t\t\t<\/div>\n\t\t\t\t\t\t\t\t<\/div>\n\t\t\t\t<\/div>\n\t\t\t\t\t<\/div>\n\t\t<\/div>\n\t\t\t\t\t<\/div>\n\t\t<\/section>\n\t\t\t\t<section class=\"elementor-section elementor-top-section elementor-element elementor-element-8c1ad66 elementor-section-boxed elementor-section-height-default elementor-section-height-default\" data-id=\"8c1ad66\" data-element_type=\"section\" data-e-type=\"section\">\n\t\t\t\t\t\t<div class=\"elementor-container elementor-column-gap-default\">\n\t\t\t\t\t<div class=\"elementor-column elementor-col-100 elementor-top-column elementor-element elementor-element-92af759\" data-id=\"92af759\" data-element_type=\"column\" data-e-type=\"column\">\n\t\t\t<div class=\"elementor-widget-wrap elementor-element-populated\">\n\t\t\t\t\t\t<div class=\"elementor-element elementor-element-372c380 elementor-widget elementor-widget-text-editor\" data-id=\"372c380\" data-element_type=\"widget\" data-e-type=\"widget\" data-widget_type=\"text-editor.default\">\n\t\t\t\t<div class=\"elementor-widget-container\">\n\t\t\t\t\t\t\t\t\t<h5>D\u00e9j\u00e0 membre ?<\/h5>\t\t\t\t\t\t\t\t<\/div>\n\t\t\t\t<\/div>\n\t\t\t\t<div class=\"elementor-element elementor-element-8db1a3c elementor-widget elementor-widget-login\" data-id=\"8db1a3c\" data-element_type=\"widget\" data-e-type=\"widget\" data-widget_type=\"login.default\">\n\t\t\t\t<div class=\"elementor-widget-container\">\n\t\t\t\t\t\t\t<form class=\"elementor-login elementor-form\" method=\"post\" action=\"https:\/\/qoclico.com\/en\/wp-login.php\" aria-label=\"Login form\">\n\t\t\t<input type=\"hidden\" name=\"redirect_to\" value=\"\/en\/wp-json\/wp\/v2\/pages\/641\">\n\t\t\t<div class=\"elementor-form-fields-wrapper\">\n\t\t\t\t<div class=\"elementor-field-type-text elementor-field-group elementor-column elementor-col-100 elementor-field-required\">\n\t\t\t\t\t<label for=\"user-8db1a3c\" class=\"elementor-field-label\">Identifiant ou adresse e-mail<\/label>\n\t\t\t\t\t<input size=\"1\" type=\"text\" name=\"log\" id=\"user-8db1a3c\" placeholder=\"\" class=\"elementor-field elementor-field-textual elementor-size-sm\">\n\t\t\t\t<\/div>\n\t\t\t\t<div class=\"elementor-field-type-text elementor-field-group elementor-column elementor-col-100 elementor-field-required\">\n\t\t\t\t\t<label for=\"password-8db1a3c\" class=\"elementor-field-label\">Mot de passe<\/label>\n\t\t\t\t\t<input size=\"1\" type=\"password\" name=\"pwd\" id=\"password-8db1a3c\" placeholder=\"\" class=\"elementor-field elementor-field-textual elementor-size-sm\">\n\t\t\t\t<\/div>\n\n\t\t\t\t\t\t\t\t\t<div class=\"elementor-field-type-checkbox elementor-field-group elementor-column elementor-col-100 elementor-remember-me\">\n\t\t\t\t\t\t<label for=\"elementor-login-remember-me\">\n\t\t\t\t\t\t\t<input type=\"checkbox\" id=\"elementor-login-remember-me\" name=\"rememberme\" value=\"forever\">\n\t\t\t\t\t\t\tRemember Me\t\t\t\t\t\t<\/label>\n\t\t\t\t\t<\/div>\n\t\t\t\t\n\t\t\t\t<div class=\"elementor-field-group elementor-column elementor-field-type-submit elementor-col-100\">\n\t\t\t\t\t<button type=\"submit\" class=\"elementor-size-sm elementor-button\" name=\"wp-submit\">\n\t\t\t\t\t\t\t\t\t\t\t\t\t\t\t<span class=\"elementor-button-text\">Connexion<\/span>\n\t\t\t\t\t\t\t\t\t\t\t\t<\/button>\n\t\t\t\t<\/div>\n\n\t\t\t\t\t\t\t\t\t<div class=\"elementor-field-group elementor-column elementor-col-100\">\n\t\t\t\t\t\t\t\t\t\t\t\t\t\t\t\t\t\t\t\t<a class=\"elementor-lost-password\" href=\"https:\/\/qoclico.com\/en\/wp-login.php?action=lostpassword&redirect_to=%2Fen%2Fwp-json%2Fwp%2Fv2%2Fpages%2F641\">\n\t\t\t\t\t\t\t\tLost your password?\t\t\t\t\t\t\t<\/a>\n\t\t\t\t\t\t\n\t\t\t\t\t\t\t\t\t\t\t<\/div>\n\t\t\t\t\t\t\t<\/div>\n\t\t<\/form>\n\t\t\t\t\t\t<\/div>\n\t\t\t\t<\/div>\n\t\t\t\t\t<\/div>\n\t\t<\/div>\n\t\t\t\t\t<\/div>\n\t\t<\/section>\n\t\t\t\t<\/div>\n\t\t","protected":false},"excerpt":{"rendered":"<p>Le Qlub \u00a0 Bienvenue au Qlub ! R\u00e9serv\u00e9 aux professionnel\u00b7le\u00b7s du fran\u00e7ais (FLE, FLS, FLM&#8230;), motiv\u00e9\u00b7e\u00b7s par le changement, par la diffusion d&#8217;un fran\u00e7ais moderne, inclusif et fonctionnel ! Rejoindre le Qlub D\u00e9j\u00e0 membre ?<\/p>\n","protected":false},"author":1,"featured_media":0,"parent":0,"menu_order":0,"comment_status":"closed","ping_status":"closed","template":"","meta":{"_acf_changed":false,"footnotes":""},"class_list":["post-641","page","type-page","status-publish","hentry"],"acf":[],"yoast_head":"<!-- This site is optimized with the Yoast SEO plugin v27.4 - https:\/\/yoast.com\/product\/yoast-seo-wordpress\/ -->\n<title>Le QLUB - Qoclico<\/title>\n<meta name=\"description\" content=\"Bienvenue au Qlub ! R\u00e9serv\u00e9 aux profs de FLE motiv\u00e9s par le changement, par la diffusion d&#039;un fran\u00e7ais moderne, inclusif et fonctionnel !\" \/>\n<meta name=\"robots\" content=\"index, follow, max-snippet:-1, max-image-preview:large, max-video-preview:-1\" \/>\n<link rel=\"canonical\" href=\"https:\/\/qoclico.com\/en\/le-qlub\/\" \/>\n<meta property=\"og:locale\" content=\"en_US\" \/>\n<meta property=\"og:type\" content=\"article\" \/>\n<meta property=\"og:title\" content=\"Le QLUB - Qoclico\" \/>\n<meta property=\"og:description\" content=\"Bienvenue au Qlub ! R\u00e9serv\u00e9 aux profs de FLE motiv\u00e9s par le changement, par la diffusion d&#039;un fran\u00e7ais moderne, inclusif et fonctionnel !\" \/>\n<meta property=\"og:url\" content=\"https:\/\/qoclico.com\/en\/le-qlub\/\" \/>\n<meta property=\"og:site_name\" content=\"Qoclico\" \/>\n<meta property=\"article:modified_time\" content=\"2024-02-19T15:16:32+00:00\" \/>\n<meta name=\"twitter:card\" content=\"summary_large_image\" \/>\n<meta name=\"twitter:label1\" content=\"Est. reading time\" \/>\n\t<meta name=\"twitter:data1\" content=\"1 minute\" \/>\n<script type=\"application\/ld+json\" class=\"yoast-schema-graph\">{\"@context\":\"https:\\\/\\\/schema.org\",\"@graph\":[{\"@type\":\"WebPage\",\"@id\":\"https:\\\/\\\/qoclico.com\\\/en\\\/le-qlub\\\/\",\"url\":\"https:\\\/\\\/qoclico.com\\\/en\\\/le-qlub\\\/\",\"name\":\"Le QLUB - Qoclico\",\"isPartOf\":{\"@id\":\"https:\\\/\\\/qoclico.com\\\/#website\"},\"datePublished\":\"2022-04-29T09:35:06+00:00\",\"dateModified\":\"2024-02-19T15:16:32+00:00\",\"description\":\"Bienvenue au Qlub ! R\u00e9serv\u00e9 aux profs de FLE motiv\u00e9s par le changement, par la diffusion d'un fran\u00e7ais moderne, inclusif et fonctionnel !\",\"breadcrumb\":{\"@id\":\"https:\\\/\\\/qoclico.com\\\/en\\\/le-qlub\\\/#breadcrumb\"},\"inLanguage\":\"en-US\",\"potentialAction\":[{\"@type\":\"ReadAction\",\"target\":[\"https:\\\/\\\/qoclico.com\\\/en\\\/le-qlub\\\/\"]}]},{\"@type\":\"BreadcrumbList\",\"@id\":\"https:\\\/\\\/qoclico.com\\\/en\\\/le-qlub\\\/#breadcrumb\",\"itemListElement\":[{\"@type\":\"ListItem\",\"position\":1,\"name\":\"Home\",\"item\":\"https:\\\/\\\/qoclico.com\\\/\"},{\"@type\":\"ListItem\",\"position\":2,\"name\":\"Le QLUB\"}]},{\"@type\":\"WebSite\",\"@id\":\"https:\\\/\\\/qoclico.com\\\/#website\",\"url\":\"https:\\\/\\\/qoclico.com\\\/\",\"name\":\"Qoclico\",\"description\":\"fran\u00e7ais fonctionnel\",\"publisher\":{\"@id\":\"https:\\\/\\\/qoclico.com\\\/#organization\"},\"potentialAction\":[{\"@type\":\"SearchAction\",\"target\":{\"@type\":\"EntryPoint\",\"urlTemplate\":\"https:\\\/\\\/qoclico.com\\\/?s={search_term_string}\"},\"query-input\":{\"@type\":\"PropertyValueSpecification\",\"valueRequired\":true,\"valueName\":\"search_term_string\"}}],\"inLanguage\":\"en-US\"},{\"@type\":\"Organization\",\"@id\":\"https:\\\/\\\/qoclico.com\\\/#organization\",\"name\":\"Qoclico\",\"url\":\"https:\\\/\\\/qoclico.com\\\/\",\"logo\":{\"@type\":\"ImageObject\",\"inLanguage\":\"en-US\",\"@id\":\"https:\\\/\\\/qoclico.com\\\/#\\\/schema\\\/logo\\\/image\\\/\",\"url\":\"https:\\\/\\\/qoclico.com\\\/wp-content\\\/uploads\\\/2022\\\/09\\\/cropped-LOGO-BL-Qoclico-ROSE-BD.png\",\"contentUrl\":\"https:\\\/\\\/qoclico.com\\\/wp-content\\\/uploads\\\/2022\\\/09\\\/cropped-LOGO-BL-Qoclico-ROSE-BD.png\",\"width\":529,\"height\":225,\"caption\":\"Qoclico\"},\"image\":{\"@id\":\"https:\\\/\\\/qoclico.com\\\/#\\\/schema\\\/logo\\\/image\\\/\"}}]}<\/script>\n<!-- \/ Yoast SEO plugin. -->","yoast_head_json":{"title":"Le QLUB - Qoclico","description":"Bienvenue au Qlub ! R\u00e9serv\u00e9 aux profs de FLE motiv\u00e9s par le changement, par la diffusion d'un fran\u00e7ais moderne, inclusif et fonctionnel !","robots":{"index":"index","follow":"follow","max-snippet":"max-snippet:-1","max-image-preview":"max-image-preview:large","max-video-preview":"max-video-preview:-1"},"canonical":"https:\/\/qoclico.com\/en\/le-qlub\/","og_locale":"en_US","og_type":"article","og_title":"Le QLUB - Qoclico","og_description":"Bienvenue au Qlub ! R\u00e9serv\u00e9 aux profs de FLE motiv\u00e9s par le changement, par la diffusion d'un fran\u00e7ais moderne, inclusif et fonctionnel !","og_url":"https:\/\/qoclico.com\/en\/le-qlub\/","og_site_name":"Qoclico","article_modified_time":"2024-02-19T15:16:32+00:00","twitter_card":"summary_large_image","twitter_misc":{"Est. reading time":"1 minute"},"schema":{"@context":"https:\/\/schema.org","@graph":[{"@type":"WebPage","@id":"https:\/\/qoclico.com\/en\/le-qlub\/","url":"https:\/\/qoclico.com\/en\/le-qlub\/","name":"Le QLUB - Qoclico","isPartOf":{"@id":"https:\/\/qoclico.com\/#website"},"datePublished":"2022-04-29T09:35:06+00:00","dateModified":"2024-02-19T15:16:32+00:00","description":"Bienvenue au Qlub ! R\u00e9serv\u00e9 aux profs de FLE motiv\u00e9s par le changement, par la diffusion d'un fran\u00e7ais moderne, inclusif et fonctionnel !","breadcrumb":{"@id":"https:\/\/qoclico.com\/en\/le-qlub\/#breadcrumb"},"inLanguage":"en-US","potentialAction":[{"@type":"ReadAction","target":["https:\/\/qoclico.com\/en\/le-qlub\/"]}]},{"@type":"BreadcrumbList","@id":"https:\/\/qoclico.com\/en\/le-qlub\/#breadcrumb","itemListElement":[{"@type":"ListItem","position":1,"name":"Home","item":"https:\/\/qoclico.com\/"},{"@type":"ListItem","position":2,"name":"Le QLUB"}]},{"@type":"WebSite","@id":"https:\/\/qoclico.com\/#website","url":"https:\/\/qoclico.com\/","name":"Qoclico","description":"fran\u00e7ais fonctionnel","publisher":{"@id":"https:\/\/qoclico.com\/#organization"},"potentialAction":[{"@type":"SearchAction","target":{"@type":"EntryPoint","urlTemplate":"https:\/\/qoclico.com\/?s={search_term_string}"},"query-input":{"@type":"PropertyValueSpecification","valueRequired":true,"valueName":"search_term_string"}}],"inLanguage":"en-US"},{"@type":"Organization","@id":"https:\/\/qoclico.com\/#organization","name":"Qoclico","url":"https:\/\/qoclico.com\/","logo":{"@type":"ImageObject","inLanguage":"en-US","@id":"https:\/\/qoclico.com\/#\/schema\/logo\/image\/","url":"https:\/\/qoclico.com\/wp-content\/uploads\/2022\/09\/cropped-LOGO-BL-Qoclico-ROSE-BD.png","contentUrl":"https:\/\/qoclico.com\/wp-content\/uploads\/2022\/09\/cropped-LOGO-BL-Qoclico-ROSE-BD.png","width":529,"height":225,"caption":"Qoclico"},"image":{"@id":"https:\/\/qoclico.com\/#\/schema\/logo\/image\/"}}]}},"_links":{"self":[{"href":"https:\/\/qoclico.com\/en\/wp-json\/wp\/v2\/pages\/641","targetHints":{"allow":["GET"]}}],"collection":[{"href":"https:\/\/qoclico.com\/en\/wp-json\/wp\/v2\/pages"}],"about":[{"href":"https:\/\/qoclico.com\/en\/wp-json\/wp\/v2\/types\/page"}],"author":[{"embeddable":true,"href":"https:\/\/qoclico.com\/en\/wp-json\/wp\/v2\/users\/1"}],"replies":[{"embeddable":true,"href":"https:\/\/qoclico.com\/en\/wp-json\/wp\/v2\/comments?post=641"}],"version-history":[{"count":5,"href":"https:\/\/qoclico.com\/en\/wp-json\/wp\/v2\/pages\/641\/revisions"}],"predecessor-version":[{"id":2526,"href":"https:\/\/qoclico.com\/en\/wp-json\/wp\/v2\/pages\/641\/revisions\/2526"}],"wp:attachment":[{"href":"https:\/\/qoclico.com\/en\/wp-json\/wp\/v2\/media?parent=641"}],"curies":[{"name":"wp","href":"https:\/\/api.w.org\/{rel}","templated":true}]}}