{"id":640,"date":"2022-04-26T19:43:22","date_gmt":"2022-04-26T17:43:22","guid":{"rendered":"https:\/\/qoclico.com\/mentions-legales\/"},"modified":"2022-04-26T19:43:22","modified_gmt":"2022-04-26T17:43:22","slug":"mentions-legales","status":"publish","type":"page","link":"https:\/\/qoclico.com\/en\/mentions-legales\/","title":{"rendered":"Mentions l\u00e9gales"},"content":{"rendered":"\t\t<div data-elementor-type=\"wp-page\" data-elementor-id=\"640\" class=\"elementor elementor-640 elementor-315\" data-elementor-post-type=\"page\">\n\t\t\t\t\t\t<section class=\"elementor-section elementor-top-section elementor-element elementor-element-6b9a1bc elementor-section-boxed elementor-section-height-default elementor-section-height-default\" data-id=\"6b9a1bc\" data-element_type=\"section\" data-e-type=\"section\" data-settings=\"{&quot;background_background&quot;:&quot;classic&quot;}\">\n\t\t\t\t\t\t<div class=\"elementor-container elementor-column-gap-default\">\n\t\t\t\t\t<div class=\"elementor-column elementor-col-100 elementor-top-column elementor-element elementor-element-baed5d9\" data-id=\"baed5d9\" data-element_type=\"column\" data-e-type=\"column\">\n\t\t\t<div class=\"elementor-widget-wrap elementor-element-populated\">\n\t\t\t\t\t\t<div class=\"elementor-element elementor-element-52507bc elementor-widget elementor-widget-heading\" data-id=\"52507bc\" data-element_type=\"widget\" data-e-type=\"widget\" data-widget_type=\"heading.default\">\n\t\t\t\t<div class=\"elementor-widget-container\">\n\t\t\t\t\t<h2 class=\"elementor-heading-title elementor-size-default\">MENTIONS L\u00c9GALES<\/h2>\t\t\t\t<\/div>\n\t\t\t\t<\/div>\n\t\t\t\t\t<\/div>\n\t\t<\/div>\n\t\t\t\t\t<\/div>\n\t\t<\/section>\n\t\t\t\t<section class=\"elementor-section elementor-top-section elementor-element elementor-element-fe1bf65 elementor-section-boxed elementor-section-height-default elementor-section-height-default\" data-id=\"fe1bf65\" data-element_type=\"section\" data-e-type=\"section\">\n\t\t\t\t\t\t<div class=\"elementor-container elementor-column-gap-default\">\n\t\t\t\t\t<div class=\"elementor-column elementor-col-100 elementor-top-column elementor-element elementor-element-ada15dd\" data-id=\"ada15dd\" data-element_type=\"column\" data-e-type=\"column\">\n\t\t\t<div class=\"elementor-widget-wrap elementor-element-populated\">\n\t\t\t\t\t\t<div class=\"elementor-element elementor-element-b9d5c11 elementor-widget elementor-widget-text-editor\" data-id=\"b9d5c11\" data-element_type=\"widget\" data-e-type=\"widget\" data-widget_type=\"text-editor.default\">\n\t\t\t\t<div class=\"elementor-widget-container\">\n\t\t\t\t\t\t\t\t\t<p>Le site\u00a0<u><a href=\"http:\/\/www.qoclico.com\/\">qoclico.com<\/a><\/u>\u00a0est \u00e9dit\u00e9 par BASAP S\u00e0rl,<br \/>entreprise immatricul\u00e9e au RC Gen\u00e8ve sous le num\u00e9ro CHE-498.624.203<br \/>et dont le si\u00e8ge social est sis rue des Deux-Ponts, 1205 Gen\u00e8ve, Canton de Gen\u00e8ve \u2013 Suisse.<\/p><p>La juridiction comp\u00e9tente est le Canton de Gen\u00e8ve en Suisse. Seule la version en langue fran\u00e7aise du site fera foi en cas d\u2019interpr\u00e9tation litigieuse.<\/p><p>Le site a \u00e9t\u00e9 con\u00e7u par\u00a0<a href=\"https:\/\/www.webvigo.com\/\">WebVigo<\/a>\u00a0et est h\u00e9berg\u00e9 par OVH, \u00e0 Gravelines, France.<br \/>Directrice de la publication\u00a0: Anne-Sophie Gomis, g\u00e9rante de Qoclico, joignable \u00e0 l\u2019adresse info@qoclico.com.<\/p><p>La soci\u00e9t\u00e9 BASAP S\u00e0rl d\u00e9tient tous les droits de reproduction (copyright) sur l\u2019ensemble du contenu et\/ou des informations publi\u00e9es sur le site\u00a0<u><a href=\"http:\/\/www.qoclico.com\/\">qoclico.com<\/a><\/u>\u00a0et sur\u00a0<a href=\"http:\/\/maplateforme.qoclico.com\/\">maplateforme.qoclico.com<\/a>. Aucune utilisation commerciale de ce contenu et\/ou de ces informations n\u2019est permise sans accord pr\u00e9alable de BASAP S\u00e0rl.<\/p><p>Pour en savoir plus sur les informations concernant la collecte et le traitement des donn\u00e9es personnelles, vous pouvez consulter notre\u00a0<u><a href=\"https:\/\/qoclico.com\/confidentialite-et-protection-donnees-personnelles\/\">politique de confidentialit\u00e9<\/a><\/u>. Les informations concernant les conditions g\u00e9n\u00e9rales se trouvent sur la\u00a0<a href=\"https:\/\/qoclico.com\/conditions-generales\/\">page d\u00e9di\u00e9e.<\/a><\/p><p><em>Tous droits r\u00e9serv\u00e9s \u2013 10 d\u00e9cembre 2019<\/em><\/p>\t\t\t\t\t\t\t\t<\/div>\n\t\t\t\t<\/div>\n\t\t\t\t\t<\/div>\n\t\t<\/div>\n\t\t\t\t\t<\/div>\n\t\t<\/section>\n\t\t\t\t<\/div>\n\t\t","protected":false},"excerpt":{"rendered":"<p>MENTIONS L\u00c9GALES Le site\u00a0qoclico.com\u00a0est \u00e9dit\u00e9 par BASAP S\u00e0rl,entreprise immatricul\u00e9e au RC Gen\u00e8ve sous le num\u00e9ro CHE-498.624.203et dont le si\u00e8ge social est sis rue des Deux-Ponts, 1205 Gen\u00e8ve, Canton de Gen\u00e8ve \u2013 Suisse. La juridiction comp\u00e9tente est le Canton de Gen\u00e8ve en Suisse. Seule la version en langue fran\u00e7aise du site fera foi en cas d\u2019interpr\u00e9tation [&hellip;]<\/p>\n","protected":false},"author":1,"featured_media":0,"parent":0,"menu_order":0,"comment_status":"closed","ping_status":"closed","template":"","meta":{"_acf_changed":false,"footnotes":""},"class_list":["post-640","page","type-page","status-publish","hentry"],"acf":[],"yoast_head":"<!-- This site is optimized with the Yoast SEO plugin v27.4 - https:\/\/yoast.com\/product\/yoast-seo-wordpress\/ -->\n<title>Mentions l\u00e9gales - Qoclico<\/title>\n<meta name=\"robots\" content=\"index, follow, max-snippet:-1, max-image-preview:large, max-video-preview:-1\" \/>\n<link rel=\"canonical\" href=\"https:\/\/qoclico.com\/en\/mentions-legales\/\" \/>\n<meta property=\"og:locale\" content=\"en_US\" \/>\n<meta property=\"og:type\" content=\"article\" \/>\n<meta property=\"og:title\" content=\"Mentions l\u00e9gales - Qoclico\" \/>\n<meta property=\"og:description\" content=\"MENTIONS L\u00c9GALES Le site\u00a0qoclico.com\u00a0est \u00e9dit\u00e9 par BASAP S\u00e0rl,entreprise immatricul\u00e9e au RC Gen\u00e8ve sous le num\u00e9ro CHE-498.624.203et dont le si\u00e8ge social est sis rue des Deux-Ponts, 1205 Gen\u00e8ve, Canton de Gen\u00e8ve \u2013 Suisse. La juridiction comp\u00e9tente est le Canton de Gen\u00e8ve en Suisse. Seule la version en langue fran\u00e7aise du site fera foi en cas d\u2019interpr\u00e9tation [&hellip;]\" \/>\n<meta property=\"og:url\" content=\"https:\/\/qoclico.com\/en\/mentions-legales\/\" \/>\n<meta property=\"og:site_name\" content=\"Qoclico\" \/>\n<meta name=\"twitter:card\" content=\"summary_large_image\" \/>\n<meta name=\"twitter:label1\" content=\"Est. reading time\" \/>\n\t<meta name=\"twitter:data1\" content=\"1 minute\" \/>\n<script type=\"application\/ld+json\" class=\"yoast-schema-graph\">{\"@context\":\"https:\\\/\\\/schema.org\",\"@graph\":[{\"@type\":\"WebPage\",\"@id\":\"https:\\\/\\\/qoclico.com\\\/en\\\/mentions-legales\\\/\",\"url\":\"https:\\\/\\\/qoclico.com\\\/en\\\/mentions-legales\\\/\",\"name\":\"Mentions l\u00e9gales - Qoclico\",\"isPartOf\":{\"@id\":\"https:\\\/\\\/qoclico.com\\\/#website\"},\"datePublished\":\"2022-04-26T17:43:22+00:00\",\"breadcrumb\":{\"@id\":\"https:\\\/\\\/qoclico.com\\\/en\\\/mentions-legales\\\/#breadcrumb\"},\"inLanguage\":\"en-US\",\"potentialAction\":[{\"@type\":\"ReadAction\",\"target\":[\"https:\\\/\\\/qoclico.com\\\/en\\\/mentions-legales\\\/\"]}]},{\"@type\":\"BreadcrumbList\",\"@id\":\"https:\\\/\\\/qoclico.com\\\/en\\\/mentions-legales\\\/#breadcrumb\",\"itemListElement\":[{\"@type\":\"ListItem\",\"position\":1,\"name\":\"Home\",\"item\":\"https:\\\/\\\/qoclico.com\\\/\"},{\"@type\":\"ListItem\",\"position\":2,\"name\":\"Mentions l\u00e9gales\"}]},{\"@type\":\"WebSite\",\"@id\":\"https:\\\/\\\/qoclico.com\\\/#website\",\"url\":\"https:\\\/\\\/qoclico.com\\\/\",\"name\":\"Qoclico\",\"description\":\"fran\u00e7ais fonctionnel\",\"publisher\":{\"@id\":\"https:\\\/\\\/qoclico.com\\\/#organization\"},\"potentialAction\":[{\"@type\":\"SearchAction\",\"target\":{\"@type\":\"EntryPoint\",\"urlTemplate\":\"https:\\\/\\\/qoclico.com\\\/?s={search_term_string}\"},\"query-input\":{\"@type\":\"PropertyValueSpecification\",\"valueRequired\":true,\"valueName\":\"search_term_string\"}}],\"inLanguage\":\"en-US\"},{\"@type\":\"Organization\",\"@id\":\"https:\\\/\\\/qoclico.com\\\/#organization\",\"name\":\"Qoclico\",\"url\":\"https:\\\/\\\/qoclico.com\\\/\",\"logo\":{\"@type\":\"ImageObject\",\"inLanguage\":\"en-US\",\"@id\":\"https:\\\/\\\/qoclico.com\\\/#\\\/schema\\\/logo\\\/image\\\/\",\"url\":\"https:\\\/\\\/qoclico.com\\\/wp-content\\\/uploads\\\/2022\\\/09\\\/cropped-LOGO-BL-Qoclico-ROSE-BD.png\",\"contentUrl\":\"https:\\\/\\\/qoclico.com\\\/wp-content\\\/uploads\\\/2022\\\/09\\\/cropped-LOGO-BL-Qoclico-ROSE-BD.png\",\"width\":529,\"height\":225,\"caption\":\"Qoclico\"},\"image\":{\"@id\":\"https:\\\/\\\/qoclico.com\\\/#\\\/schema\\\/logo\\\/image\\\/\"}}]}<\/script>\n<!-- \/ Yoast SEO plugin. -->","yoast_head_json":{"title":"Mentions l\u00e9gales - Qoclico","robots":{"index":"index","follow":"follow","max-snippet":"max-snippet:-1","max-image-preview":"max-image-preview:large","max-video-preview":"max-video-preview:-1"},"canonical":"https:\/\/qoclico.com\/en\/mentions-legales\/","og_locale":"en_US","og_type":"article","og_title":"Mentions l\u00e9gales - Qoclico","og_description":"MENTIONS L\u00c9GALES Le site\u00a0qoclico.com\u00a0est \u00e9dit\u00e9 par BASAP S\u00e0rl,entreprise immatricul\u00e9e au RC Gen\u00e8ve sous le num\u00e9ro CHE-498.624.203et dont le si\u00e8ge social est sis rue des Deux-Ponts, 1205 Gen\u00e8ve, Canton de Gen\u00e8ve \u2013 Suisse. La juridiction comp\u00e9tente est le Canton de Gen\u00e8ve en Suisse. Seule la version en langue fran\u00e7aise du site fera foi en cas d\u2019interpr\u00e9tation [&hellip;]","og_url":"https:\/\/qoclico.com\/en\/mentions-legales\/","og_site_name":"Qoclico","twitter_card":"summary_large_image","twitter_misc":{"Est. reading time":"1 minute"},"schema":{"@context":"https:\/\/schema.org","@graph":[{"@type":"WebPage","@id":"https:\/\/qoclico.com\/en\/mentions-legales\/","url":"https:\/\/qoclico.com\/en\/mentions-legales\/","name":"Mentions l\u00e9gales - Qoclico","isPartOf":{"@id":"https:\/\/qoclico.com\/#website"},"datePublished":"2022-04-26T17:43:22+00:00","breadcrumb":{"@id":"https:\/\/qoclico.com\/en\/mentions-legales\/#breadcrumb"},"inLanguage":"en-US","potentialAction":[{"@type":"ReadAction","target":["https:\/\/qoclico.com\/en\/mentions-legales\/"]}]},{"@type":"BreadcrumbList","@id":"https:\/\/qoclico.com\/en\/mentions-legales\/#breadcrumb","itemListElement":[{"@type":"ListItem","position":1,"name":"Home","item":"https:\/\/qoclico.com\/"},{"@type":"ListItem","position":2,"name":"Mentions l\u00e9gales"}]},{"@type":"WebSite","@id":"https:\/\/qoclico.com\/#website","url":"https:\/\/qoclico.com\/","name":"Qoclico","description":"fran\u00e7ais fonctionnel","publisher":{"@id":"https:\/\/qoclico.com\/#organization"},"potentialAction":[{"@type":"SearchAction","target":{"@type":"EntryPoint","urlTemplate":"https:\/\/qoclico.com\/?s={search_term_string}"},"query-input":{"@type":"PropertyValueSpecification","valueRequired":true,"valueName":"search_term_string"}}],"inLanguage":"en-US"},{"@type":"Organization","@id":"https:\/\/qoclico.com\/#organization","name":"Qoclico","url":"https:\/\/qoclico.com\/","logo":{"@type":"ImageObject","inLanguage":"en-US","@id":"https:\/\/qoclico.com\/#\/schema\/logo\/image\/","url":"https:\/\/qoclico.com\/wp-content\/uploads\/2022\/09\/cropped-LOGO-BL-Qoclico-ROSE-BD.png","contentUrl":"https:\/\/qoclico.com\/wp-content\/uploads\/2022\/09\/cropped-LOGO-BL-Qoclico-ROSE-BD.png","width":529,"height":225,"caption":"Qoclico"},"image":{"@id":"https:\/\/qoclico.com\/#\/schema\/logo\/image\/"}}]}},"_links":{"self":[{"href":"https:\/\/qoclico.com\/en\/wp-json\/wp\/v2\/pages\/640","targetHints":{"allow":["GET"]}}],"collection":[{"href":"https:\/\/qoclico.com\/en\/wp-json\/wp\/v2\/pages"}],"about":[{"href":"https:\/\/qoclico.com\/en\/wp-json\/wp\/v2\/types\/page"}],"author":[{"embeddable":true,"href":"https:\/\/qoclico.com\/en\/wp-json\/wp\/v2\/users\/1"}],"replies":[{"embeddable":true,"href":"https:\/\/qoclico.com\/en\/wp-json\/wp\/v2\/comments?post=640"}],"version-history":[{"count":0,"href":"https:\/\/qoclico.com\/en\/wp-json\/wp\/v2\/pages\/640\/revisions"}],"wp:attachment":[{"href":"https:\/\/qoclico.com\/en\/wp-json\/wp\/v2\/media?parent=640"}],"curies":[{"name":"wp","href":"https:\/\/api.w.org\/{rel}","templated":true}]}}