{"id":639,"date":"2022-04-26T19:29:19","date_gmt":"2022-04-26T17:29:19","guid":{"rendered":"https:\/\/qoclico.com\/en-savoir-plus\/"},"modified":"2022-04-26T19:29:19","modified_gmt":"2022-04-26T17:29:19","slug":"en-savoir-plus","status":"publish","type":"page","link":"https:\/\/qoclico.com\/en\/en-savoir-plus\/","title":{"rendered":"En savoir plus"},"content":{"rendered":"\t\t<div data-elementor-type=\"wp-page\" data-elementor-id=\"639\" class=\"elementor elementor-639 elementor-296\" data-elementor-post-type=\"page\">\n\t\t\t\t\t\t<section class=\"elementor-section elementor-top-section elementor-element elementor-element-3e441c36 elementor-section-boxed elementor-section-height-default elementor-section-height-default\" data-id=\"3e441c36\" data-element_type=\"section\" data-e-type=\"section\" data-settings=\"{&quot;background_background&quot;:&quot;classic&quot;}\">\n\t\t\t\t\t\t\t<div class=\"elementor-background-overlay\"><\/div>\n\t\t\t\t\t\t\t<div class=\"elementor-container elementor-column-gap-default\">\n\t\t\t\t\t<div class=\"elementor-column elementor-col-100 elementor-top-column elementor-element elementor-element-5a57171d\" data-id=\"5a57171d\" data-element_type=\"column\" data-e-type=\"column\">\n\t\t\t<div class=\"elementor-widget-wrap elementor-element-populated\">\n\t\t\t\t\t\t<div class=\"elementor-element elementor-element-973eda1 elementor-widget elementor-widget-heading\" data-id=\"973eda1\" data-element_type=\"widget\" data-e-type=\"widget\" data-widget_type=\"heading.default\">\n\t\t\t\t<div class=\"elementor-widget-container\">\n\t\t\t\t\t<h1 class=\"elementor-heading-title elementor-size-default\">En savoir plus<\/h1>\t\t\t\t<\/div>\n\t\t\t\t<\/div>\n\t\t\t\t\t<\/div>\n\t\t<\/div>\n\t\t\t\t\t<\/div>\n\t\t<\/section>\n\t\t\t\t<section class=\"elementor-section elementor-top-section elementor-element elementor-element-41af62e2 elementor-section-boxed elementor-section-height-default elementor-section-height-default\" data-id=\"41af62e2\" data-element_type=\"section\" data-e-type=\"section\">\n\t\t\t\t\t\t<div class=\"elementor-container elementor-column-gap-default\">\n\t\t\t\t\t<div class=\"elementor-column elementor-col-100 elementor-top-column elementor-element elementor-element-24d5e815\" data-id=\"24d5e815\" data-element_type=\"column\" data-e-type=\"column\">\n\t\t\t<div class=\"elementor-widget-wrap elementor-element-populated\">\n\t\t\t\t\t\t<div class=\"elementor-element elementor-element-bb08a7c elementor-widget elementor-widget-heading\" data-id=\"bb08a7c\" data-element_type=\"widget\" data-e-type=\"widget\" data-widget_type=\"heading.default\">\n\t\t\t\t<div class=\"elementor-widget-container\">\n\t\t\t\t\t<h2 class=\"elementor-heading-title elementor-size-default\">Vous trouverez ici quelques petites pr\u00e9cisions sur l\u2019offre de Qoclico.\n\n\n\n\n\n\n\n\n\n\n\n\n\n\n\n\n\n\n\n\n\n\n<\/h2>\t\t\t\t<\/div>\n\t\t\t\t<\/div>\n\t\t\t\t\t<\/div>\n\t\t<\/div>\n\t\t\t\t\t<\/div>\n\t\t<\/section>\n\t\t\t\t<section class=\"elementor-section elementor-top-section elementor-element elementor-element-195117f2 elementor-section-boxed elementor-section-height-default elementor-section-height-default\" data-id=\"195117f2\" data-element_type=\"section\" data-e-type=\"section\">\n\t\t\t\t\t\t<div class=\"elementor-container elementor-column-gap-default\">\n\t\t\t\t\t<div class=\"elementor-column elementor-col-100 elementor-top-column elementor-element elementor-element-59b4e36a\" data-id=\"59b4e36a\" data-element_type=\"column\" data-e-type=\"column\">\n\t\t\t<div class=\"elementor-widget-wrap elementor-element-populated\">\n\t\t\t\t\t\t<div class=\"elementor-element elementor-element-a542bdb elementor-widget elementor-widget-accordion\" data-id=\"a542bdb\" data-element_type=\"widget\" data-e-type=\"widget\" data-widget_type=\"accordion.default\">\n\t\t\t\t<div class=\"elementor-widget-container\">\n\t\t\t\t\t\t\t<div class=\"elementor-accordion\">\n\t\t\t\t\t\t\t<div class=\"elementor-accordion-item\">\n\t\t\t\t\t<div id=\"elementor-tab-title-1731\" class=\"elementor-tab-title\" data-tab=\"1\" role=\"button\" aria-controls=\"elementor-tab-content-1731\" aria-expanded=\"false\">\n\t\t\t\t\t\t\t\t\t\t\t\t\t<span class=\"elementor-accordion-icon elementor-accordion-icon-right\" aria-hidden=\"true\">\n\t\t\t\t\t\t\t\t\t\t\t\t\t\t\t<span class=\"elementor-accordion-icon-closed\"><i class=\"fas fa-plus\"><\/i><\/span>\n\t\t\t\t\t\t\t\t<span class=\"elementor-accordion-icon-opened\"><i class=\"fas fa-minus\"><\/i><\/span>\n\t\t\t\t\t\t\t\t\t\t\t\t\t\t<\/span>\n\t\t\t\t\t\t\t\t\t\t\t\t<a class=\"elementor-accordion-title\" tabindex=\"0\">Un service de v\u00e9rification et optimisation des \u00e9crits ? C'est original !<\/a>\n\t\t\t\t\t<\/div>\n\t\t\t\t\t<div id=\"elementor-tab-content-1731\" class=\"elementor-tab-content elementor-clearfix\" data-tab=\"1\" role=\"region\" aria-labelledby=\"elementor-tab-title-1731\"><p>Eh oui, on a pens\u00e9 aux personnes qui ont d\u00e9j\u00e0 un bon niveau de fran\u00e7ais mais qui ont besoin d\u2019entrainement ou d\u2019un petit coup de pouce \u00e0 l\u2019\u00e9crit.\u00a0<strong>On ne r\u00e9dige pas \u00e0 votre place ; on relit, on corrige et on optimise vos \u00e9crits professionnels et\/ou personnels, r\u00e9dig\u00e9s en fran\u00e7ais<\/strong>\u00a0: vos emails, vos rapports, vos lettres de motivation, vos publications sur les r\u00e9seaux sociaux, etc. En option, dans une logique de progression, vous pouvez obtenir un r\u00e9capitulatif de vos erreurs et l\u2019explication de leur correction.<\/p><p>Ce travail de r\u00e9vision s\u2019effectue\u00a0<strong>dans le respect de la confidentialit\u00e9<\/strong>\u00a0et aucun document ne peut \u00eatre partag\u00e9, reproduit, que ce soit en partie ou en totalit\u00e9. Tous les \u00e9changes se font via une adresse e-mail d\u00e9di\u00e9e.<\/p><p>Vous avez le choix entre un abonnement mensuel de 1 000 \/ 3 000 \/ 5 000 \/ 10 000 mots par mois, r\u00e9siliable \u00e0 tout moment.<\/p><\/div>\n\t\t\t\t<\/div>\n\t\t\t\t\t\t\t<div class=\"elementor-accordion-item\">\n\t\t\t\t\t<div id=\"elementor-tab-title-1732\" class=\"elementor-tab-title\" data-tab=\"2\" role=\"button\" aria-controls=\"elementor-tab-content-1732\" aria-expanded=\"false\">\n\t\t\t\t\t\t\t\t\t\t\t\t\t<span class=\"elementor-accordion-icon elementor-accordion-icon-right\" aria-hidden=\"true\">\n\t\t\t\t\t\t\t\t\t\t\t\t\t\t\t<span class=\"elementor-accordion-icon-closed\"><i class=\"fas fa-plus\"><\/i><\/span>\n\t\t\t\t\t\t\t\t<span class=\"elementor-accordion-icon-opened\"><i class=\"fas fa-minus\"><\/i><\/span>\n\t\t\t\t\t\t\t\t\t\t\t\t\t\t<\/span>\n\t\t\t\t\t\t\t\t\t\t\t\t<a class=\"elementor-accordion-title\" tabindex=\"0\">La traduction selon Qoclico, \u00e7a se passe comment ?<\/a>\n\t\t\t\t\t<\/div>\n\t\t\t\t\t<div id=\"elementor-tab-content-1732\" class=\"elementor-tab-content elementor-clearfix\" data-tab=\"2\" role=\"region\" aria-labelledby=\"elementor-tab-title-1732\"><p>Qoclico propose la traduction vers le fran\u00e7ais de\u00a0<strong>textes r\u00e9dig\u00e9s en anglais ou en espagnol<\/strong>, \u00e0 caract\u00e8re professionnel et\/ou personnel.<\/p><p>Ce travail de traduction s\u2019effectue\u00a0<strong>dans le respect de la confidentialit\u00e9<\/strong>\u00a0et aucun document ne peut \u00eatre partag\u00e9, reproduit, que ce soit en partie ou en totalit\u00e9. Tous les \u00e9changes se font par e-mail via une adresse d\u00e9di\u00e9e.<\/p><p>Sur devis, contactez-nous !<\/p><\/div>\n\t\t\t\t<\/div>\n\t\t\t\t\t\t\t<div class=\"elementor-accordion-item\">\n\t\t\t\t\t<div id=\"elementor-tab-title-1733\" class=\"elementor-tab-title\" data-tab=\"3\" role=\"button\" aria-controls=\"elementor-tab-content-1733\" aria-expanded=\"false\">\n\t\t\t\t\t\t\t\t\t\t\t\t\t<span class=\"elementor-accordion-icon elementor-accordion-icon-right\" aria-hidden=\"true\">\n\t\t\t\t\t\t\t\t\t\t\t\t\t\t\t<span class=\"elementor-accordion-icon-closed\"><i class=\"fas fa-plus\"><\/i><\/span>\n\t\t\t\t\t\t\t\t<span class=\"elementor-accordion-icon-opened\"><i class=\"fas fa-minus\"><\/i><\/span>\n\t\t\t\t\t\t\t\t\t\t\t\t\t\t<\/span>\n\t\t\t\t\t\t\t\t\t\t\t\t<a class=\"elementor-accordion-title\" tabindex=\"0\">Qu'est-ce qu'on entend par coaching linguistique?<\/a>\n\t\t\t\t\t<\/div>\n\t\t\t\t\t<div id=\"elementor-tab-content-1733\" class=\"elementor-tab-content elementor-clearfix\" data-tab=\"3\" role=\"region\" aria-labelledby=\"elementor-tab-title-1733\"><p>Un bon nombre d\u2019apprenants de fran\u00e7ais ont un niveau sup\u00e9rieur \u00e0 ce qu\u2019ils montrent. Bien souvent, ce sont divers blocages, d\u2019ordre \u00e9motionnel ou social (la peur de commettre des erreurs et d\u2019\u00eatre mal jug\u00e9 pour cela, la peur de commettre des erreurs dans un souci de perfection, les st\u00e9r\u00e9otypes li\u00e9s aux accents, etc.) qui les emp\u00eachent de bien s\u2019exprimer \u00e0 l\u2019oral dans cette langue, voire de s\u2019exprimer tout court.<\/p><p>D\u2019autres ne parviennent pas \u00e0 faire une place au fran\u00e7ais dans leur quotidien ou au travail, m\u00eame en immersion dans un pays francophone, et ont besoin d\u2019aide pour les aider \u00e0 int\u00e9grer le fran\u00e7ais \u00e0 leur quotidien.<\/p><p>La m\u00e9thode Qoclico consiste \u00e0 identifier les blocages et \u00e0 y rem\u00e9dier \u00e0 l\u2019aide d\u2019exercices personnalis\u00e9s, par exemple par la mise en place d\u2019une \u00ab routine linguistique \u00bb.<\/p><\/div>\n\t\t\t\t<\/div>\n\t\t\t\t\t\t\t<div class=\"elementor-accordion-item\">\n\t\t\t\t\t<div id=\"elementor-tab-title-1734\" class=\"elementor-tab-title\" data-tab=\"4\" role=\"button\" aria-controls=\"elementor-tab-content-1734\" aria-expanded=\"false\">\n\t\t\t\t\t\t\t\t\t\t\t\t\t<span class=\"elementor-accordion-icon elementor-accordion-icon-right\" aria-hidden=\"true\">\n\t\t\t\t\t\t\t\t\t\t\t\t\t\t\t<span class=\"elementor-accordion-icon-closed\"><i class=\"fas fa-plus\"><\/i><\/span>\n\t\t\t\t\t\t\t\t<span class=\"elementor-accordion-icon-opened\"><i class=\"fas fa-minus\"><\/i><\/span>\n\t\t\t\t\t\t\t\t\t\t\t\t\t\t<\/span>\n\t\t\t\t\t\t\t\t\t\t\t\t<a class=\"elementor-accordion-title\" tabindex=\"0\">Les podcasts, \u00e7a me parle !<\/a>\n\t\t\t\t\t<\/div>\n\t\t\t\t\t<div id=\"elementor-tab-content-1734\" class=\"elementor-tab-content elementor-clearfix\" data-tab=\"4\" role=\"region\" aria-labelledby=\"elementor-tab-title-1734\"><p>Un podcast est une \u00e9mission audio (ou vid\u00e9o) que l\u2019on peut t\u00e9l\u00e9charger depuis internet vers un appareil permettant l\u2019\u00e9coute (ou le visionnage).<\/p><p>Les podcasts de\u00a0<em>Qoclico \u00e9moi<\/em>\u00a0sont articul\u00e9s autour de\u00a0<strong>t\u00e9moignages de francophones non natifs<\/strong>. Ces podcasts vous permettent de\u00a0<strong>pratiquer, gratuitement, votre compr\u00e9hension orale<\/strong>, que vous ayez un niveau\u00a0<em>interm\u00e9diaire<\/em>\u00a0ou\u00a0<em>avanc\u00e9<\/em>. Int\u00e9r\u00e9ss\u00e9\u00b7e ?\u00a0<a href=\"https:\/\/www.qoclico.com\/contacter\/\" target=\"_blank\" rel=\"noopener noreferrer\">Dites-le nous !<\/a><\/p><p>Lancez-vous un d\u00e9fi (d\u2019expression orale) et t\u00e9moignez de votre histoire avec la langue fran\u00e7aise \u00e0 travers un \u00e9pisode de podcast !<\/p><p>Le saviez-vous ? Au Canada francophone, on n\u2019utilise pas le terme \u00ab podcast \u00bb mais le terme \u00ab baladodiffusion \u00bb ou \u00ab balado \u00bb !<\/p><\/div>\n\t\t\t\t<\/div>\n\t\t\t\t\t\t\t<div class=\"elementor-accordion-item\">\n\t\t\t\t\t<div id=\"elementor-tab-title-1735\" class=\"elementor-tab-title\" data-tab=\"5\" role=\"button\" aria-controls=\"elementor-tab-content-1735\" aria-expanded=\"false\">\n\t\t\t\t\t\t\t\t\t\t\t\t\t<span class=\"elementor-accordion-icon elementor-accordion-icon-right\" aria-hidden=\"true\">\n\t\t\t\t\t\t\t\t\t\t\t\t\t\t\t<span class=\"elementor-accordion-icon-closed\"><i class=\"fas fa-plus\"><\/i><\/span>\n\t\t\t\t\t\t\t\t<span class=\"elementor-accordion-icon-opened\"><i class=\"fas fa-minus\"><\/i><\/span>\n\t\t\t\t\t\t\t\t\t\t\t\t\t\t<\/span>\n\t\t\t\t\t\t\t\t\t\t\t\t<a class=\"elementor-accordion-title\" tabindex=\"0\">Et Sinon Qoclico, \u00e7a vient d'o\u00f9?<\/a>\n\t\t\t\t\t<\/div>\n\t\t\t\t\t<div id=\"elementor-tab-content-1735\" class=\"elementor-tab-content elementor-clearfix\" data-tab=\"5\" role=\"region\" aria-labelledby=\"elementor-tab-title-1735\"><p>Le nom Qoclico emprunte \u00e0 trois symboles :<\/p><p>1) le coq (embl\u00e8me fran\u00e7ais), en r\u00e9f\u00e9rence \u00e0 la langue fran\u00e7aise. C\u2019est l\u2019onomatop\u00e9e fran\u00e7aise qui correspond au cri du coq \u201cCocorico\u201d qui a donn\u00e9 son nom au coquelicot<\/p><p>2) la capsule (c\u0153ur du coquelicot), rapport \u00e0 sa m\u00e9thodologie de micro-learning (s\u00e9ries de modules courts)<\/p><p>3) et enfin le coquelicot lui-m\u00eame (la fleur) pour son c\u00f4t\u00e9 sauvage et auto-reproducteur (le coquelicot se ress\u00e8me seul et se r\u00e9pand par la simple action du vent qui transporte les graines contenues en son c\u0153ur) symbolisant m\u00e9taphoriquement la propagation \u201cnaturelle\u201d de la langue et la pleine responsabilit\u00e9 de l\u2019apprenant\u00b7e dans la ma\u00eetrise de celle-ci.<\/p><\/div>\n\t\t\t\t<\/div>\n\t\t\t\t\t\t\t\t<\/div>\n\t\t\t\t\t\t<\/div>\n\t\t\t\t<\/div>\n\t\t\t\t\t<\/div>\n\t\t<\/div>\n\t\t\t\t\t<\/div>\n\t\t<\/section>\n\t\t\t\t<section class=\"elementor-section elementor-top-section elementor-element elementor-element-5551b98b elementor-section-boxed elementor-section-height-default elementor-section-height-default\" data-id=\"5551b98b\" data-element_type=\"section\" data-e-type=\"section\">\n\t\t\t\t\t\t<div class=\"elementor-container elementor-column-gap-default\">\n\t\t\t\t\t<div class=\"elementor-column elementor-col-100 elementor-top-column elementor-element elementor-element-23ded75f\" data-id=\"23ded75f\" data-element_type=\"column\" data-e-type=\"column\">\n\t\t\t<div class=\"elementor-widget-wrap elementor-element-populated\">\n\t\t\t\t\t\t<div class=\"elementor-element elementor-element-6412cc17 elementor-widget elementor-widget-text-editor\" data-id=\"6412cc17\" data-element_type=\"widget\" data-e-type=\"widget\" data-widget_type=\"text-editor.default\">\n\t\t\t\t<div class=\"elementor-widget-container\">\n\t\t\t\t\t\t\t\t\t<section class=\"av_textblock_section av-k8zt05wx-4b67ef2afcd109eae0c9d18f5830260b \"><div class=\"avia_textblock \"><p>Vous avez des questions ?\u00a0<strong>\u00c9crivez-nous !<\/strong><\/p><\/div><\/section>\t\t\t\t\t\t\t\t<\/div>\n\t\t\t\t<\/div>\n\t\t\t\t<div class=\"elementor-element elementor-element-42f6e308 elementor-align-center elementor-widget elementor-widget-button\" data-id=\"42f6e308\" data-element_type=\"widget\" data-e-type=\"widget\" data-widget_type=\"button.default\">\n\t\t\t\t<div class=\"elementor-widget-container\">\n\t\t\t\t\t\t\t\t\t<div class=\"elementor-button-wrapper\">\n\t\t\t\t\t<a class=\"elementor-button elementor-button-link elementor-size-md\" href=\"\/contact\/\">\n\t\t\t\t\t\t<span class=\"elementor-button-content-wrapper\">\n\t\t\t\t\t\t\t\t\t<span class=\"elementor-button-text\">Contact<\/span>\n\t\t\t\t\t<\/span>\n\t\t\t\t\t<\/a>\n\t\t\t\t<\/div>\n\t\t\t\t\t\t\t\t<\/div>\n\t\t\t\t<\/div>\n\t\t\t\t\t<\/div>\n\t\t<\/div>\n\t\t\t\t\t<\/div>\n\t\t<\/section>\n\t\t\t\t<\/div>\n\t\t","protected":false},"excerpt":{"rendered":"<p>En savoir plus Vous trouverez ici quelques petites pr\u00e9cisions sur l\u2019offre de Qoclico. Un service de v\u00e9rification et optimisation des \u00e9crits ? C&#8217;est original ! Eh oui, on a pens\u00e9 aux personnes qui ont d\u00e9j\u00e0 un bon niveau de fran\u00e7ais mais qui ont besoin d\u2019entrainement ou d\u2019un petit coup de pouce \u00e0 l\u2019\u00e9crit.\u00a0On ne r\u00e9dige [&hellip;]<\/p>\n","protected":false},"author":1,"featured_media":0,"parent":0,"menu_order":0,"comment_status":"closed","ping_status":"closed","template":"","meta":{"_acf_changed":false,"footnotes":""},"class_list":["post-639","page","type-page","status-publish","hentry"],"acf":[],"yoast_head":"<!-- This site is optimized with the Yoast SEO plugin v27.3 - https:\/\/yoast.com\/product\/yoast-seo-wordpress\/ -->\n<title>En savoir plus - Qoclico<\/title>\n<meta name=\"robots\" content=\"index, follow, max-snippet:-1, max-image-preview:large, max-video-preview:-1\" \/>\n<link rel=\"canonical\" href=\"https:\/\/qoclico.com\/en\/en-savoir-plus\/\" \/>\n<meta property=\"og:locale\" content=\"en_US\" \/>\n<meta property=\"og:type\" content=\"article\" \/>\n<meta property=\"og:title\" content=\"En savoir plus - Qoclico\" \/>\n<meta property=\"og:description\" content=\"En savoir plus Vous trouverez ici quelques petites pr\u00e9cisions sur l\u2019offre de Qoclico. Un service de v\u00e9rification et optimisation des \u00e9crits ? C&#8217;est original ! Eh oui, on a pens\u00e9 aux personnes qui ont d\u00e9j\u00e0 un bon niveau de fran\u00e7ais mais qui ont besoin d\u2019entrainement ou d\u2019un petit coup de pouce \u00e0 l\u2019\u00e9crit.\u00a0On ne r\u00e9dige [&hellip;]\" \/>\n<meta property=\"og:url\" content=\"https:\/\/qoclico.com\/en\/en-savoir-plus\/\" \/>\n<meta property=\"og:site_name\" content=\"Qoclico\" \/>\n<meta name=\"twitter:card\" content=\"summary_large_image\" \/>\n<meta name=\"twitter:label1\" content=\"Est. reading time\" \/>\n\t<meta name=\"twitter:data1\" content=\"3 minutes\" \/>\n<script type=\"application\/ld+json\" class=\"yoast-schema-graph\">{\"@context\":\"https:\\\/\\\/schema.org\",\"@graph\":[{\"@type\":\"WebPage\",\"@id\":\"https:\\\/\\\/qoclico.com\\\/en\\\/en-savoir-plus\\\/\",\"url\":\"https:\\\/\\\/qoclico.com\\\/en\\\/en-savoir-plus\\\/\",\"name\":\"En savoir plus - Qoclico\",\"isPartOf\":{\"@id\":\"https:\\\/\\\/qoclico.com\\\/#website\"},\"datePublished\":\"2022-04-26T17:29:19+00:00\",\"breadcrumb\":{\"@id\":\"https:\\\/\\\/qoclico.com\\\/en\\\/en-savoir-plus\\\/#breadcrumb\"},\"inLanguage\":\"en-US\",\"potentialAction\":[{\"@type\":\"ReadAction\",\"target\":[\"https:\\\/\\\/qoclico.com\\\/en\\\/en-savoir-plus\\\/\"]}]},{\"@type\":\"BreadcrumbList\",\"@id\":\"https:\\\/\\\/qoclico.com\\\/en\\\/en-savoir-plus\\\/#breadcrumb\",\"itemListElement\":[{\"@type\":\"ListItem\",\"position\":1,\"name\":\"Home\",\"item\":\"https:\\\/\\\/qoclico.com\\\/\"},{\"@type\":\"ListItem\",\"position\":2,\"name\":\"En savoir plus\"}]},{\"@type\":\"WebSite\",\"@id\":\"https:\\\/\\\/qoclico.com\\\/#website\",\"url\":\"https:\\\/\\\/qoclico.com\\\/\",\"name\":\"Qoclico\",\"description\":\"fran\u00e7ais fonctionnel\",\"publisher\":{\"@id\":\"https:\\\/\\\/qoclico.com\\\/#organization\"},\"potentialAction\":[{\"@type\":\"SearchAction\",\"target\":{\"@type\":\"EntryPoint\",\"urlTemplate\":\"https:\\\/\\\/qoclico.com\\\/?s={search_term_string}\"},\"query-input\":{\"@type\":\"PropertyValueSpecification\",\"valueRequired\":true,\"valueName\":\"search_term_string\"}}],\"inLanguage\":\"en-US\"},{\"@type\":\"Organization\",\"@id\":\"https:\\\/\\\/qoclico.com\\\/#organization\",\"name\":\"Qoclico\",\"url\":\"https:\\\/\\\/qoclico.com\\\/\",\"logo\":{\"@type\":\"ImageObject\",\"inLanguage\":\"en-US\",\"@id\":\"https:\\\/\\\/qoclico.com\\\/#\\\/schema\\\/logo\\\/image\\\/\",\"url\":\"https:\\\/\\\/qoclico.com\\\/wp-content\\\/uploads\\\/2022\\\/09\\\/cropped-LOGO-BL-Qoclico-ROSE-BD.png\",\"contentUrl\":\"https:\\\/\\\/qoclico.com\\\/wp-content\\\/uploads\\\/2022\\\/09\\\/cropped-LOGO-BL-Qoclico-ROSE-BD.png\",\"width\":529,\"height\":225,\"caption\":\"Qoclico\"},\"image\":{\"@id\":\"https:\\\/\\\/qoclico.com\\\/#\\\/schema\\\/logo\\\/image\\\/\"}}]}<\/script>\n<!-- \/ Yoast SEO plugin. -->","yoast_head_json":{"title":"En savoir plus - Qoclico","robots":{"index":"index","follow":"follow","max-snippet":"max-snippet:-1","max-image-preview":"max-image-preview:large","max-video-preview":"max-video-preview:-1"},"canonical":"https:\/\/qoclico.com\/en\/en-savoir-plus\/","og_locale":"en_US","og_type":"article","og_title":"En savoir plus - Qoclico","og_description":"En savoir plus Vous trouverez ici quelques petites pr\u00e9cisions sur l\u2019offre de Qoclico. Un service de v\u00e9rification et optimisation des \u00e9crits ? C&#8217;est original ! Eh oui, on a pens\u00e9 aux personnes qui ont d\u00e9j\u00e0 un bon niveau de fran\u00e7ais mais qui ont besoin d\u2019entrainement ou d\u2019un petit coup de pouce \u00e0 l\u2019\u00e9crit.\u00a0On ne r\u00e9dige [&hellip;]","og_url":"https:\/\/qoclico.com\/en\/en-savoir-plus\/","og_site_name":"Qoclico","twitter_card":"summary_large_image","twitter_misc":{"Est. reading time":"3 minutes"},"schema":{"@context":"https:\/\/schema.org","@graph":[{"@type":"WebPage","@id":"https:\/\/qoclico.com\/en\/en-savoir-plus\/","url":"https:\/\/qoclico.com\/en\/en-savoir-plus\/","name":"En savoir plus - Qoclico","isPartOf":{"@id":"https:\/\/qoclico.com\/#website"},"datePublished":"2022-04-26T17:29:19+00:00","breadcrumb":{"@id":"https:\/\/qoclico.com\/en\/en-savoir-plus\/#breadcrumb"},"inLanguage":"en-US","potentialAction":[{"@type":"ReadAction","target":["https:\/\/qoclico.com\/en\/en-savoir-plus\/"]}]},{"@type":"BreadcrumbList","@id":"https:\/\/qoclico.com\/en\/en-savoir-plus\/#breadcrumb","itemListElement":[{"@type":"ListItem","position":1,"name":"Home","item":"https:\/\/qoclico.com\/"},{"@type":"ListItem","position":2,"name":"En savoir plus"}]},{"@type":"WebSite","@id":"https:\/\/qoclico.com\/#website","url":"https:\/\/qoclico.com\/","name":"Qoclico","description":"fran\u00e7ais fonctionnel","publisher":{"@id":"https:\/\/qoclico.com\/#organization"},"potentialAction":[{"@type":"SearchAction","target":{"@type":"EntryPoint","urlTemplate":"https:\/\/qoclico.com\/?s={search_term_string}"},"query-input":{"@type":"PropertyValueSpecification","valueRequired":true,"valueName":"search_term_string"}}],"inLanguage":"en-US"},{"@type":"Organization","@id":"https:\/\/qoclico.com\/#organization","name":"Qoclico","url":"https:\/\/qoclico.com\/","logo":{"@type":"ImageObject","inLanguage":"en-US","@id":"https:\/\/qoclico.com\/#\/schema\/logo\/image\/","url":"https:\/\/qoclico.com\/wp-content\/uploads\/2022\/09\/cropped-LOGO-BL-Qoclico-ROSE-BD.png","contentUrl":"https:\/\/qoclico.com\/wp-content\/uploads\/2022\/09\/cropped-LOGO-BL-Qoclico-ROSE-BD.png","width":529,"height":225,"caption":"Qoclico"},"image":{"@id":"https:\/\/qoclico.com\/#\/schema\/logo\/image\/"}}]}},"_links":{"self":[{"href":"https:\/\/qoclico.com\/en\/wp-json\/wp\/v2\/pages\/639","targetHints":{"allow":["GET"]}}],"collection":[{"href":"https:\/\/qoclico.com\/en\/wp-json\/wp\/v2\/pages"}],"about":[{"href":"https:\/\/qoclico.com\/en\/wp-json\/wp\/v2\/types\/page"}],"author":[{"embeddable":true,"href":"https:\/\/qoclico.com\/en\/wp-json\/wp\/v2\/users\/1"}],"replies":[{"embeddable":true,"href":"https:\/\/qoclico.com\/en\/wp-json\/wp\/v2\/comments?post=639"}],"version-history":[{"count":0,"href":"https:\/\/qoclico.com\/en\/wp-json\/wp\/v2\/pages\/639\/revisions"}],"wp:attachment":[{"href":"https:\/\/qoclico.com\/en\/wp-json\/wp\/v2\/media?parent=639"}],"curies":[{"name":"wp","href":"https:\/\/api.w.org\/{rel}","templated":true}]}}