{"id":637,"date":"2022-04-26T19:47:10","date_gmt":"2022-04-26T17:47:10","guid":{"rendered":"https:\/\/qoclico.com\/confidentialite-et-protection-des-donnees\/"},"modified":"2022-04-26T19:47:10","modified_gmt":"2022-04-26T17:47:10","slug":"confidentialite-et-protection-des-donnees","status":"publish","type":"page","link":"https:\/\/qoclico.com\/en\/confidentialite-et-protection-des-donnees\/","title":{"rendered":"Confidentialit\u00e9 et Protection des donn\u00e9es"},"content":{"rendered":"\t\t<div data-elementor-type=\"wp-page\" data-elementor-id=\"637\" class=\"elementor elementor-637 elementor-322\" data-elementor-post-type=\"page\">\n\t\t\t\t\t\t<section class=\"elementor-section elementor-top-section elementor-element elementor-element-6b9a1bc elementor-section-boxed elementor-section-height-default elementor-section-height-default\" data-id=\"6b9a1bc\" data-element_type=\"section\" data-e-type=\"section\" data-settings=\"{&quot;background_background&quot;:&quot;classic&quot;}\">\n\t\t\t\t\t\t<div class=\"elementor-container elementor-column-gap-default\">\n\t\t\t\t\t<div class=\"elementor-column elementor-col-100 elementor-top-column elementor-element elementor-element-baed5d9\" data-id=\"baed5d9\" data-element_type=\"column\" data-e-type=\"column\">\n\t\t\t<div class=\"elementor-widget-wrap elementor-element-populated\">\n\t\t\t\t\t\t<div class=\"elementor-element elementor-element-52507bc elementor-widget elementor-widget-heading\" data-id=\"52507bc\" data-element_type=\"widget\" data-e-type=\"widget\" data-widget_type=\"heading.default\">\n\t\t\t\t<div class=\"elementor-widget-container\">\n\t\t\t\t\t<h2 class=\"elementor-heading-title elementor-size-default\">CONFIDENTIALIT\u00c9 ET PROTECTION DES DONN\u00c9ES PERSONNELLES<\/h2>\t\t\t\t<\/div>\n\t\t\t\t<\/div>\n\t\t\t\t\t<\/div>\n\t\t<\/div>\n\t\t\t\t\t<\/div>\n\t\t<\/section>\n\t\t\t\t<section class=\"elementor-section elementor-top-section elementor-element elementor-element-fe1bf65 elementor-section-boxed elementor-section-height-default elementor-section-height-default\" data-id=\"fe1bf65\" data-element_type=\"section\" data-e-type=\"section\">\n\t\t\t\t\t\t<div class=\"elementor-container elementor-column-gap-default\">\n\t\t\t\t\t<div class=\"elementor-column elementor-col-100 elementor-top-column elementor-element elementor-element-ada15dd\" data-id=\"ada15dd\" data-element_type=\"column\" data-e-type=\"column\">\n\t\t\t<div class=\"elementor-widget-wrap elementor-element-populated\">\n\t\t\t\t\t\t<div class=\"elementor-element elementor-element-b9d5c11 elementor-widget elementor-widget-text-editor\" data-id=\"b9d5c11\" data-element_type=\"widget\" data-e-type=\"widget\" data-widget_type=\"text-editor.default\">\n\t\t\t\t<div class=\"elementor-widget-container\">\n\t\t\t\t\t\t\t\t\t<p><strong>POLITIQUE DE QOCLICO EN TERMES DE CONFIDENTIALIT\u00c9 ET DE PROTECTION DES DONN\u00c9ES EN LIGNE<\/strong><\/p><p>Version applicable \u00e0 compter du 1<sup>er\u00a0<\/sup>d\u00e9cembre 2018<\/p><p><strong>Responsable de la collecte des donn\u00e9es<\/strong>\u00a0<strong>:\u00a0<\/strong>basap s\u00e0rl, dont le si\u00e8ge social est situ\u00e9 \u00e0 Gen\u00e8ve, Suisse (ci-apr\u00e8s \u00ab\u00a0<strong><em>Qoclico<\/em><\/strong>\u00a0\u00bb ou \u00ab\u00a0<strong><em>Nous<\/em><\/strong><em>\u00a0\u00bb<\/em>)<\/p><p><strong>Adresse e-mail de contact<\/strong>\u00a0: info@qoclico.com<\/p><p><strong>G\u00e9n\u00e9ralit\u00e9s<\/strong><\/p><p>Qoclico propose en ligne des services\u00a0de cours de fran\u00e7ais, de traduction, de correction d\u2019\u00e9crits et de coaching,\u00a0accessibles \u00e0 partir du site internet\u00a0<strong>www.qoclico.com\u00a0<\/strong>ou via la plateforme d\u2019apprentissage install\u00e9e sur l\u2019appareil de l\u2019utilisateur www.maplateforme.com, ou encore via emails. Dans ce cadre, Qoclico accorde une grande importance au respect de la vie priv\u00e9e des utilisateurs. Qoclico prend toutes les dispositions n\u00e9cessaires pour prot\u00e9ger la confidentialit\u00e9 des donn\u00e9es collect\u00e9es et \u00e0 la fois respecter tant la l\u00e9gislation nationale relative \u00e0 la collecte et au traitement des donn\u00e9es que le r\u00e8glement europ\u00e9en n\u00b0 2016\/679 dit R\u00e8glement G\u00e9n\u00e9ral sur la Protection des Donn\u00e9es (RGPD).<\/p><p>Par \u00ab\u00a0traitement de donn\u00e9es personnelles\u00a0\u00bb, Qoclico entend tout traitement de donn\u00e9es susceptibles de vous identifier en tant que personne physique.<\/p><p><strong>Donn\u00e9es collect\u00e9es<\/strong><\/p><p>Parmi les diff\u00e9rents types de donn\u00e9es que nous collectons il y a :<\/p><ul><li>Les donn\u00e9es que vous communiquez \u00e0 Qoclico (identifiant, pr\u00e9nom, nom, adresse postale, ville, pays, adresse e-mail, t\u00e9l\u00e9phone).<\/li><li>L\u2019adresse IP, la date et l\u2019heure d\u2019acc\u00e8s au site, les pages consult\u00e9es, le navigateur utilis\u00e9, le syst\u00e8me d\u2019exploitation install\u00e9 sur l\u2019appareil, le moteur de recherche ainsi que les mots-cl\u00e9s utilis\u00e9s pour retrouver le site.<\/li><li>Les donn\u00e9es relatives \u00e0 vos commandes.<\/li><\/ul><p>Pour de plus amples informations, voir les\u00a0<strong>articles 11, 12, 13 et 14<\/strong>\u00a0des\u00a0<a href=\"https:\/\/www.qoclico.com\/conditions-generales-de-vente\/\">Conditions g\u00e9n\u00e9rales<\/a>.<\/p>\t\t\t\t\t\t\t\t<\/div>\n\t\t\t\t<\/div>\n\t\t\t\t\t<\/div>\n\t\t<\/div>\n\t\t\t\t\t<\/div>\n\t\t<\/section>\n\t\t\t\t<\/div>\n\t\t","protected":false},"excerpt":{"rendered":"<p>CONFIDENTIALIT\u00c9 ET PROTECTION DES DONN\u00c9ES PERSONNELLES POLITIQUE DE QOCLICO EN TERMES DE CONFIDENTIALIT\u00c9 ET DE PROTECTION DES DONN\u00c9ES EN LIGNE Version applicable \u00e0 compter du 1er\u00a0d\u00e9cembre 2018 Responsable de la collecte des donn\u00e9es\u00a0:\u00a0basap s\u00e0rl, dont le si\u00e8ge social est situ\u00e9 \u00e0 Gen\u00e8ve, Suisse (ci-apr\u00e8s \u00ab\u00a0Qoclico\u00a0\u00bb ou \u00ab\u00a0Nous\u00a0\u00bb) Adresse e-mail de contact\u00a0: info@qoclico.com G\u00e9n\u00e9ralit\u00e9s Qoclico propose [&hellip;]<\/p>\n","protected":false},"author":1,"featured_media":0,"parent":0,"menu_order":0,"comment_status":"closed","ping_status":"closed","template":"","meta":{"_acf_changed":false,"footnotes":""},"class_list":["post-637","page","type-page","status-publish","hentry"],"acf":[],"yoast_head":"<!-- This site is optimized with the Yoast SEO plugin v27.3 - https:\/\/yoast.com\/product\/yoast-seo-wordpress\/ -->\n<title>Confidentialit\u00e9 et Protection des donn\u00e9es - Qoclico<\/title>\n<meta name=\"robots\" content=\"index, follow, max-snippet:-1, max-image-preview:large, max-video-preview:-1\" \/>\n<link rel=\"canonical\" href=\"https:\/\/qoclico.com\/en\/confidentialite-et-protection-des-donnees\/\" \/>\n<meta property=\"og:locale\" content=\"en_US\" \/>\n<meta property=\"og:type\" content=\"article\" \/>\n<meta property=\"og:title\" content=\"Confidentialit\u00e9 et Protection des donn\u00e9es - Qoclico\" \/>\n<meta property=\"og:description\" content=\"CONFIDENTIALIT\u00c9 ET PROTECTION DES DONN\u00c9ES PERSONNELLES POLITIQUE DE QOCLICO EN TERMES DE CONFIDENTIALIT\u00c9 ET DE PROTECTION DES DONN\u00c9ES EN LIGNE Version applicable \u00e0 compter du 1er\u00a0d\u00e9cembre 2018 Responsable de la collecte des donn\u00e9es\u00a0:\u00a0basap s\u00e0rl, dont le si\u00e8ge social est situ\u00e9 \u00e0 Gen\u00e8ve, Suisse (ci-apr\u00e8s \u00ab\u00a0Qoclico\u00a0\u00bb ou \u00ab\u00a0Nous\u00a0\u00bb) Adresse e-mail de contact\u00a0: info@qoclico.com G\u00e9n\u00e9ralit\u00e9s Qoclico propose [&hellip;]\" \/>\n<meta property=\"og:url\" content=\"https:\/\/qoclico.com\/en\/confidentialite-et-protection-des-donnees\/\" \/>\n<meta property=\"og:site_name\" content=\"Qoclico\" \/>\n<meta name=\"twitter:card\" content=\"summary_large_image\" \/>\n<meta name=\"twitter:label1\" content=\"Est. reading time\" \/>\n\t<meta name=\"twitter:data1\" content=\"2 minutes\" \/>\n<script type=\"application\/ld+json\" class=\"yoast-schema-graph\">{\"@context\":\"https:\\\/\\\/schema.org\",\"@graph\":[{\"@type\":\"WebPage\",\"@id\":\"https:\\\/\\\/qoclico.com\\\/en\\\/confidentialite-et-protection-des-donnees\\\/\",\"url\":\"https:\\\/\\\/qoclico.com\\\/en\\\/confidentialite-et-protection-des-donnees\\\/\",\"name\":\"Confidentialit\u00e9 et Protection des donn\u00e9es - Qoclico\",\"isPartOf\":{\"@id\":\"https:\\\/\\\/qoclico.com\\\/#website\"},\"datePublished\":\"2022-04-26T17:47:10+00:00\",\"breadcrumb\":{\"@id\":\"https:\\\/\\\/qoclico.com\\\/en\\\/confidentialite-et-protection-des-donnees\\\/#breadcrumb\"},\"inLanguage\":\"en-US\",\"potentialAction\":[{\"@type\":\"ReadAction\",\"target\":[\"https:\\\/\\\/qoclico.com\\\/en\\\/confidentialite-et-protection-des-donnees\\\/\"]}]},{\"@type\":\"BreadcrumbList\",\"@id\":\"https:\\\/\\\/qoclico.com\\\/en\\\/confidentialite-et-protection-des-donnees\\\/#breadcrumb\",\"itemListElement\":[{\"@type\":\"ListItem\",\"position\":1,\"name\":\"Home\",\"item\":\"https:\\\/\\\/qoclico.com\\\/\"},{\"@type\":\"ListItem\",\"position\":2,\"name\":\"Confidentialit\u00e9 et Protection des donn\u00e9es\"}]},{\"@type\":\"WebSite\",\"@id\":\"https:\\\/\\\/qoclico.com\\\/#website\",\"url\":\"https:\\\/\\\/qoclico.com\\\/\",\"name\":\"Qoclico\",\"description\":\"fran\u00e7ais fonctionnel\",\"publisher\":{\"@id\":\"https:\\\/\\\/qoclico.com\\\/#organization\"},\"potentialAction\":[{\"@type\":\"SearchAction\",\"target\":{\"@type\":\"EntryPoint\",\"urlTemplate\":\"https:\\\/\\\/qoclico.com\\\/?s={search_term_string}\"},\"query-input\":{\"@type\":\"PropertyValueSpecification\",\"valueRequired\":true,\"valueName\":\"search_term_string\"}}],\"inLanguage\":\"en-US\"},{\"@type\":\"Organization\",\"@id\":\"https:\\\/\\\/qoclico.com\\\/#organization\",\"name\":\"Qoclico\",\"url\":\"https:\\\/\\\/qoclico.com\\\/\",\"logo\":{\"@type\":\"ImageObject\",\"inLanguage\":\"en-US\",\"@id\":\"https:\\\/\\\/qoclico.com\\\/#\\\/schema\\\/logo\\\/image\\\/\",\"url\":\"https:\\\/\\\/qoclico.com\\\/wp-content\\\/uploads\\\/2022\\\/09\\\/cropped-LOGO-BL-Qoclico-ROSE-BD.png\",\"contentUrl\":\"https:\\\/\\\/qoclico.com\\\/wp-content\\\/uploads\\\/2022\\\/09\\\/cropped-LOGO-BL-Qoclico-ROSE-BD.png\",\"width\":529,\"height\":225,\"caption\":\"Qoclico\"},\"image\":{\"@id\":\"https:\\\/\\\/qoclico.com\\\/#\\\/schema\\\/logo\\\/image\\\/\"}}]}<\/script>\n<!-- \/ Yoast SEO plugin. -->","yoast_head_json":{"title":"Confidentialit\u00e9 et Protection des donn\u00e9es - Qoclico","robots":{"index":"index","follow":"follow","max-snippet":"max-snippet:-1","max-image-preview":"max-image-preview:large","max-video-preview":"max-video-preview:-1"},"canonical":"https:\/\/qoclico.com\/en\/confidentialite-et-protection-des-donnees\/","og_locale":"en_US","og_type":"article","og_title":"Confidentialit\u00e9 et Protection des donn\u00e9es - Qoclico","og_description":"CONFIDENTIALIT\u00c9 ET PROTECTION DES DONN\u00c9ES PERSONNELLES POLITIQUE DE QOCLICO EN TERMES DE CONFIDENTIALIT\u00c9 ET DE PROTECTION DES DONN\u00c9ES EN LIGNE Version applicable \u00e0 compter du 1er\u00a0d\u00e9cembre 2018 Responsable de la collecte des donn\u00e9es\u00a0:\u00a0basap s\u00e0rl, dont le si\u00e8ge social est situ\u00e9 \u00e0 Gen\u00e8ve, Suisse (ci-apr\u00e8s \u00ab\u00a0Qoclico\u00a0\u00bb ou \u00ab\u00a0Nous\u00a0\u00bb) Adresse e-mail de contact\u00a0: info@qoclico.com G\u00e9n\u00e9ralit\u00e9s Qoclico propose [&hellip;]","og_url":"https:\/\/qoclico.com\/en\/confidentialite-et-protection-des-donnees\/","og_site_name":"Qoclico","twitter_card":"summary_large_image","twitter_misc":{"Est. reading time":"2 minutes"},"schema":{"@context":"https:\/\/schema.org","@graph":[{"@type":"WebPage","@id":"https:\/\/qoclico.com\/en\/confidentialite-et-protection-des-donnees\/","url":"https:\/\/qoclico.com\/en\/confidentialite-et-protection-des-donnees\/","name":"Confidentialit\u00e9 et Protection des donn\u00e9es - Qoclico","isPartOf":{"@id":"https:\/\/qoclico.com\/#website"},"datePublished":"2022-04-26T17:47:10+00:00","breadcrumb":{"@id":"https:\/\/qoclico.com\/en\/confidentialite-et-protection-des-donnees\/#breadcrumb"},"inLanguage":"en-US","potentialAction":[{"@type":"ReadAction","target":["https:\/\/qoclico.com\/en\/confidentialite-et-protection-des-donnees\/"]}]},{"@type":"BreadcrumbList","@id":"https:\/\/qoclico.com\/en\/confidentialite-et-protection-des-donnees\/#breadcrumb","itemListElement":[{"@type":"ListItem","position":1,"name":"Home","item":"https:\/\/qoclico.com\/"},{"@type":"ListItem","position":2,"name":"Confidentialit\u00e9 et Protection des donn\u00e9es"}]},{"@type":"WebSite","@id":"https:\/\/qoclico.com\/#website","url":"https:\/\/qoclico.com\/","name":"Qoclico","description":"fran\u00e7ais fonctionnel","publisher":{"@id":"https:\/\/qoclico.com\/#organization"},"potentialAction":[{"@type":"SearchAction","target":{"@type":"EntryPoint","urlTemplate":"https:\/\/qoclico.com\/?s={search_term_string}"},"query-input":{"@type":"PropertyValueSpecification","valueRequired":true,"valueName":"search_term_string"}}],"inLanguage":"en-US"},{"@type":"Organization","@id":"https:\/\/qoclico.com\/#organization","name":"Qoclico","url":"https:\/\/qoclico.com\/","logo":{"@type":"ImageObject","inLanguage":"en-US","@id":"https:\/\/qoclico.com\/#\/schema\/logo\/image\/","url":"https:\/\/qoclico.com\/wp-content\/uploads\/2022\/09\/cropped-LOGO-BL-Qoclico-ROSE-BD.png","contentUrl":"https:\/\/qoclico.com\/wp-content\/uploads\/2022\/09\/cropped-LOGO-BL-Qoclico-ROSE-BD.png","width":529,"height":225,"caption":"Qoclico"},"image":{"@id":"https:\/\/qoclico.com\/#\/schema\/logo\/image\/"}}]}},"_links":{"self":[{"href":"https:\/\/qoclico.com\/en\/wp-json\/wp\/v2\/pages\/637","targetHints":{"allow":["GET"]}}],"collection":[{"href":"https:\/\/qoclico.com\/en\/wp-json\/wp\/v2\/pages"}],"about":[{"href":"https:\/\/qoclico.com\/en\/wp-json\/wp\/v2\/types\/page"}],"author":[{"embeddable":true,"href":"https:\/\/qoclico.com\/en\/wp-json\/wp\/v2\/users\/1"}],"replies":[{"embeddable":true,"href":"https:\/\/qoclico.com\/en\/wp-json\/wp\/v2\/comments?post=637"}],"version-history":[{"count":0,"href":"https:\/\/qoclico.com\/en\/wp-json\/wp\/v2\/pages\/637\/revisions"}],"wp:attachment":[{"href":"https:\/\/qoclico.com\/en\/wp-json\/wp\/v2\/media?parent=637"}],"curies":[{"name":"wp","href":"https:\/\/api.w.org\/{rel}","templated":true}]}}